{"id":129,"date":"2024-11-25T10:07:27","date_gmt":"2024-11-25T09:07:27","guid":{"rendered":"https:\/\/24tsv.fr\/?page_id=129"},"modified":"2025-12-03T13:22:56","modified_gmt":"2025-12-03T12:22:56","slug":"le-parcours","status":"publish","type":"page","link":"https:\/\/24tsv.fr\/index.php\/le-parcours\/","title":{"rendered":"Le parcours"},"content":{"rendered":"\n<h2 class=\"wp-block-heading\">Une boucle d&rsquo;environ 6 km et 250 m D+<\/h2>\n\n\n\n<div class=\"wp-block-columns are-vertically-aligned-center is-layout-flex wp-container-core-columns-is-layout-28f84493 wp-block-columns-is-layout-flex\">\n<div class=\"wp-block-column is-vertically-aligned-center is-layout-flow wp-block-column-is-layout-flow\" style=\"flex-basis:33.33%\">\n<p class=\"has-text-align-center\" style=\"font-size:16px\">Une boucle 100% sentier, dans le massif du Vercors au dessus de Grenoble, un terrain mythique pour les amoureux du trail, partag\u00e9 avec les parcours embl\u00e9matiques du Trail des 3 Pucelles et de l\u2019UT4M.<\/p>\n\n\n\n<p style=\"font-size:16px\">24 TSV : 144 km \/ 6720 m D+<br>Maratour : 42 km \/ 1960 m D+<br>D\u00e9couverte : 24 km \/ 1120 m D+<\/p>\n<\/div>\n\n\n\n<div class=\"wp-block-column is-vertically-aligned-center is-layout-flow wp-block-column-is-layout-flow\" style=\"flex-basis:64%\">\n<figure class=\"wp-block-image aligncenter size-large is-resized\"><img loading=\"lazy\" decoding=\"async\" width=\"1024\" height=\"734\" src=\"https:\/\/24tsv.fr\/wp-content\/uploads\/2025\/06\/24-tours-sans-Venin-084-1024x734.jpg\" alt=\"\" class=\"wp-image-254\" style=\"width:349px;height:auto\" srcset=\"https:\/\/24tsv.fr\/wp-content\/uploads\/2025\/06\/24-tours-sans-Venin-084-1024x734.jpg 1024w, https:\/\/24tsv.fr\/wp-content\/uploads\/2025\/06\/24-tours-sans-Venin-084-300x215.jpg 300w, https:\/\/24tsv.fr\/wp-content\/uploads\/2025\/06\/24-tours-sans-Venin-084-768x550.jpg 768w, https:\/\/24tsv.fr\/wp-content\/uploads\/2025\/06\/24-tours-sans-Venin-084-1536x1101.jpg 1536w, https:\/\/24tsv.fr\/wp-content\/uploads\/2025\/06\/24-tours-sans-Venin-084-2048x1468.jpg 2048w\" sizes=\"auto, (max-width: 1024px) 100vw, 1024px\" \/><\/figure>\n<\/div>\n<\/div>\n\n\n\n<div class=\"wp-block-group is-layout-constrained wp-block-group-is-layout-constrained\">\n<iframe width=\"100%\" height=\"650\" loading=\"lazy\" src=\"https:\/\/www.openrunner.com\/embed\/5a63467131674a704f6c4876546a6d577541766d546971316a566f375630734f3557386f4b336f675654303d3a3a506eea7f1a7c8b57435d331a4262d6fe?unit=metric\" style=\"border: none;\"><\/iframe>\n<\/div>\n\n\n\n<div id=\"wp-block-themeisle-blocks-advanced-columns-1d2926d6\" class=\"wp-block-themeisle-blocks-advanced-columns alignfull has-2-columns has-desktop-equal-layout has-tablet-equal-layout has-mobile-collapsedRows-layout has-reverse-columns-mobile has-vertical-center ticss-c00aadba\"><div class=\"wp-block-themeisle-blocks-advanced-columns-overlay\"><\/div><div class=\"innerblocks-wrap\">\n<div id=\"wp-block-themeisle-blocks-advanced-column-e32f0cfa\" class=\"wp-block-themeisle-blocks-advanced-column\"><style type=\"text\/css\">.otter-masonry .blocks-gallery-grid .blocks-gallery-item img{ width:100% }<\/style><div class=\"otter-masonry\" data-margin=\"10\">\n<figure class=\"wp-block-gallery has-nested-images columns-2 is-cropped wp-block-gallery-1 is-layout-flex wp-block-gallery-is-layout-flex\">\n<figure class=\"wp-block-image size-large\"><img loading=\"lazy\" decoding=\"async\" width=\"1024\" height=\"683\" data-id=\"334\" src=\"https:\/\/24tsv.fr\/wp-content\/uploads\/2025\/11\/24-tours-sans-Venin-091-1-1024x683.jpg\" alt=\"\" class=\"wp-image-334\" srcset=\"https:\/\/24tsv.fr\/wp-content\/uploads\/2025\/11\/24-tours-sans-Venin-091-1-1024x683.jpg 1024w, https:\/\/24tsv.fr\/wp-content\/uploads\/2025\/11\/24-tours-sans-Venin-091-1-300x200.jpg 300w, https:\/\/24tsv.fr\/wp-content\/uploads\/2025\/11\/24-tours-sans-Venin-091-1-768x512.jpg 768w, https:\/\/24tsv.fr\/wp-content\/uploads\/2025\/11\/24-tours-sans-Venin-091-1-1536x1024.jpg 1536w, https:\/\/24tsv.fr\/wp-content\/uploads\/2025\/11\/24-tours-sans-Venin-091-1-2048x1365.jpg 2048w\" sizes=\"auto, (max-width: 1024px) 100vw, 1024px\" \/><\/figure>\n\n\n\n<figure class=\"wp-block-image size-large\"><img loading=\"lazy\" decoding=\"async\" width=\"1024\" height=\"683\" data-id=\"333\" src=\"https:\/\/24tsv.fr\/wp-content\/uploads\/2025\/11\/24-tours-sans-Venin-010-1024x683.jpg\" alt=\"\" class=\"wp-image-333\" srcset=\"https:\/\/24tsv.fr\/wp-content\/uploads\/2025\/11\/24-tours-sans-Venin-010-1024x683.jpg 1024w, https:\/\/24tsv.fr\/wp-content\/uploads\/2025\/11\/24-tours-sans-Venin-010-300x200.jpg 300w, https:\/\/24tsv.fr\/wp-content\/uploads\/2025\/11\/24-tours-sans-Venin-010-768x512.jpg 768w, https:\/\/24tsv.fr\/wp-content\/uploads\/2025\/11\/24-tours-sans-Venin-010-1536x1024.jpg 1536w, https:\/\/24tsv.fr\/wp-content\/uploads\/2025\/11\/24-tours-sans-Venin-010-2048x1365.jpg 2048w\" sizes=\"auto, (max-width: 1024px) 100vw, 1024px\" \/><\/figure>\n\n\n\n<figure class=\"wp-block-image size-large is-style-default\"><img loading=\"lazy\" decoding=\"async\" width=\"1024\" height=\"683\" data-id=\"331\" src=\"https:\/\/24tsv.fr\/wp-content\/uploads\/2025\/11\/24-tours-sans-Venin-003-1024x683.jpg\" alt=\"\" class=\"wp-image-331\" srcset=\"https:\/\/24tsv.fr\/wp-content\/uploads\/2025\/11\/24-tours-sans-Venin-003-1024x683.jpg 1024w, https:\/\/24tsv.fr\/wp-content\/uploads\/2025\/11\/24-tours-sans-Venin-003-300x200.jpg 300w, https:\/\/24tsv.fr\/wp-content\/uploads\/2025\/11\/24-tours-sans-Venin-003-768x512.jpg 768w, https:\/\/24tsv.fr\/wp-content\/uploads\/2025\/11\/24-tours-sans-Venin-003-1536x1024.jpg 1536w, https:\/\/24tsv.fr\/wp-content\/uploads\/2025\/11\/24-tours-sans-Venin-003-2048x1365.jpg 2048w\" sizes=\"auto, (max-width: 1024px) 100vw, 1024px\" \/><\/figure>\n\n\n\n<figure class=\"wp-block-image size-large\"><img loading=\"lazy\" decoding=\"async\" width=\"1024\" height=\"683\" data-id=\"335\" src=\"https:\/\/24tsv.fr\/wp-content\/uploads\/2025\/11\/24-tours-sans-Venin-093-1024x683.jpg\" alt=\"\" class=\"wp-image-335\" srcset=\"https:\/\/24tsv.fr\/wp-content\/uploads\/2025\/11\/24-tours-sans-Venin-093-1024x683.jpg 1024w, https:\/\/24tsv.fr\/wp-content\/uploads\/2025\/11\/24-tours-sans-Venin-093-300x200.jpg 300w, https:\/\/24tsv.fr\/wp-content\/uploads\/2025\/11\/24-tours-sans-Venin-093-768x512.jpg 768w, https:\/\/24tsv.fr\/wp-content\/uploads\/2025\/11\/24-tours-sans-Venin-093-1536x1024.jpg 1536w, https:\/\/24tsv.fr\/wp-content\/uploads\/2025\/11\/24-tours-sans-Venin-093-2048x1365.jpg 2048w\" sizes=\"auto, (max-width: 1024px) 100vw, 1024px\" \/><\/figure>\n<\/figure>\n<\/div><\/div>\n\n\n\n<div id=\"wp-block-themeisle-blocks-advanced-column-631489be\" class=\"wp-block-themeisle-blocks-advanced-column\">\n<h2 id=\"wp-block-themeisle-blocks-advanced-heading-0af3bf17\" class=\"wp-block-themeisle-blocks-advanced-heading wp-block-themeisle-blocks-advanced-heading-0af3bf17\">Des nouveaut\u00e9s pour 2026 !<\/h2>\n\n\n\n<p>Le parcours 2026 \u00e9volue l\u00e9g\u00e8rement, mais son identit\u00e9 reste intacte. On a voulu vous faire d\u00e9couvrir de nouveaux singles, plus joueurs, tout en conservant \u00e0 peu pr\u00e8s le m\u00eame ratio km et D+. Et surtout, on n\u2019a rien touch\u00e9 \u00e0 la magie des tunnels de l\u2019ancienne voie de tram.<\/p>\n<\/div>\n<\/div><\/div>\n\n\n\n<p><\/p>\n","protected":false},"excerpt":{"rendered":"<p>Une boucle d&rsquo;environ 6 km et 250 m D+ Une boucle 100% sentier, dans le massif du Vercors au dessus de Grenoble, un terrain mythique pour les amoureux du trail, partag\u00e9 avec les parcours embl\u00e9matiques du Trail des 3 Pucelles et de l\u2019UT4M. 24 TSV : 144 km \/ 6720 m D+Maratour : 42 km [&hellip;]<\/p>\n","protected":false},"author":1,"featured_media":0,"parent":0,"menu_order":0,"comment_status":"closed","ping_status":"closed","template":"","meta":{"_themeisle_gutenberg_block_has_review":false,"footnotes":""},"class_list":["post-129","page","type-page","status-publish","hentry"],"_links":{"self":[{"href":"https:\/\/24tsv.fr\/index.php\/wp-json\/wp\/v2\/pages\/129","targetHints":{"allow":["GET"]}}],"collection":[{"href":"https:\/\/24tsv.fr\/index.php\/wp-json\/wp\/v2\/pages"}],"about":[{"href":"https:\/\/24tsv.fr\/index.php\/wp-json\/wp\/v2\/types\/page"}],"author":[{"embeddable":true,"href":"https:\/\/24tsv.fr\/index.php\/wp-json\/wp\/v2\/users\/1"}],"replies":[{"embeddable":true,"href":"https:\/\/24tsv.fr\/index.php\/wp-json\/wp\/v2\/comments?post=129"}],"version-history":[{"count":9,"href":"https:\/\/24tsv.fr\/index.php\/wp-json\/wp\/v2\/pages\/129\/revisions"}],"predecessor-version":[{"id":351,"href":"https:\/\/24tsv.fr\/index.php\/wp-json\/wp\/v2\/pages\/129\/revisions\/351"}],"wp:attachment":[{"href":"https:\/\/24tsv.fr\/index.php\/wp-json\/wp\/v2\/media?parent=129"}],"curies":[{"name":"wp","href":"https:\/\/api.w.org\/{rel}","templated":true}]}}