{"id":261,"date":"2025-06-15T15:36:08","date_gmt":"2025-06-15T13:36:08","guid":{"rendered":"https:\/\/24tsv.fr\/?page_id=261"},"modified":"2025-12-03T13:26:18","modified_gmt":"2025-12-03T12:26:18","slug":"1er-edition-2025","status":"publish","type":"page","link":"https:\/\/24tsv.fr\/index.php\/1er-edition-2025\/","title":{"rendered":"1er Edition 2025 et r\u00e9sultats"},"content":{"rendered":"\n<div class=\"wp-block-group alignfull is-layout-constrained wp-container-core-group-is-layout-7f90123b wp-block-group-is-layout-constrained\" style=\"margin-top:0;margin-bottom:0;padding-top:var(--wp--preset--spacing--20);padding-right:var(--wp--preset--spacing--40);padding-bottom:var(--wp--preset--spacing--20);padding-left:var(--wp--preset--spacing--40)\">\n<h2 class=\"wp-block-heading has-text-align-center\">2025 : une premi\u00e8re \u00e9dition r\u00e9ussie<\/h2>\n\n\n\n<p class=\"has-text-align-center\">La premi\u00e8re \u00e9dition des 24 Tours Sans Venin a offert un concentr\u00e9 d\u2019\u00e9motions et de d\u00e9passement de soi ! 200 traileurs se sont \u00e9lanc\u00e9s sur la boucle exigeante au fil des heures, bravant les relances, le d\u00e9nivel\u00e9 et la m\u00e9t\u00e9o capricieuse, entre \u00e9claircies et averses.<br>Sur la ligne de d\u00e9part \u00e0 chaque heure, les visages ont \u00e9volu\u00e9, mais <strong>l\u2019engagement est rest\u00e9 total<\/strong> jusqu\u2019au bout : ils sont <strong>8 finishers<\/strong> \u00e0 avoir tenu le rythme jusqu\u2019au 24e tour. Une premi\u00e8re \u00e9dition qui pose des bases solides et promet d\u00e9j\u00e0 de belles prochaines aventures.<br>Merci aux accompagnateurs et aux supporters, qui ont cr\u00e9\u00e9 une ambiance incroyable au centre, vid\u00e9 le foodtruck et port\u00e9 les coureurs \u00e0 chaque tour. Votre \u00e9nergie a vraiment fait la diff\u00e9rence. Mention sp\u00e9ciale aux nombreux <strong>enfants de la <a href=\"https:\/\/www.trail-school.com\/trail-school-grenoble\">Trail School<\/a><\/strong>, qui ont arpent\u00e9 les sentiers avec le sourire et une belle \u00e9nergie communicative.<br>Merci \u00e0 tous pour votre participation \ud83d\ude4f !<\/p>\n\n\n\n<div class=\"wp-block-group alignwide is-layout-flow wp-block-group-is-layout-flow\">\n<div class=\"wp-block-columns is-layout-flex wp-container-core-columns-is-layout-28f84493 wp-block-columns-is-layout-flex\">\n<div class=\"wp-block-column is-layout-flow wp-block-column-is-layout-flow\">\n<figure class=\"wp-block-gallery aligncenter has-nested-images columns-default wp-block-gallery-1 is-layout-flex wp-block-gallery-is-layout-flex\">\n<figure class=\"wp-block-image size-full\"><img loading=\"lazy\" decoding=\"async\" width=\"2560\" height=\"1707\" data-id=\"262\" src=\"https:\/\/24tsv.fr\/wp-content\/uploads\/2025\/06\/24-tours-sans-Venin-026-scaled.jpg\" alt=\"\" class=\"wp-image-262\" srcset=\"https:\/\/24tsv.fr\/wp-content\/uploads\/2025\/06\/24-tours-sans-Venin-026-scaled.jpg 2560w, https:\/\/24tsv.fr\/wp-content\/uploads\/2025\/06\/24-tours-sans-Venin-026-300x200.jpg 300w, https:\/\/24tsv.fr\/wp-content\/uploads\/2025\/06\/24-tours-sans-Venin-026-1024x683.jpg 1024w, https:\/\/24tsv.fr\/wp-content\/uploads\/2025\/06\/24-tours-sans-Venin-026-768x512.jpg 768w, https:\/\/24tsv.fr\/wp-content\/uploads\/2025\/06\/24-tours-sans-Venin-026-1536x1024.jpg 1536w, https:\/\/24tsv.fr\/wp-content\/uploads\/2025\/06\/24-tours-sans-Venin-026-2048x1365.jpg 2048w\" sizes=\"auto, (max-width: 2560px) 100vw, 2560px\" \/><\/figure>\n\n\n\n<figure class=\"wp-block-image size-full\"><img loading=\"lazy\" decoding=\"async\" width=\"2560\" height=\"1707\" data-id=\"264\" src=\"https:\/\/24tsv.fr\/wp-content\/uploads\/2025\/06\/24-tours-sans-Venin-013-scaled.jpg\" alt=\"\" class=\"wp-image-264\" srcset=\"https:\/\/24tsv.fr\/wp-content\/uploads\/2025\/06\/24-tours-sans-Venin-013-scaled.jpg 2560w, https:\/\/24tsv.fr\/wp-content\/uploads\/2025\/06\/24-tours-sans-Venin-013-300x200.jpg 300w, https:\/\/24tsv.fr\/wp-content\/uploads\/2025\/06\/24-tours-sans-Venin-013-1024x683.jpg 1024w, https:\/\/24tsv.fr\/wp-content\/uploads\/2025\/06\/24-tours-sans-Venin-013-768x512.jpg 768w, https:\/\/24tsv.fr\/wp-content\/uploads\/2025\/06\/24-tours-sans-Venin-013-1536x1024.jpg 1536w, https:\/\/24tsv.fr\/wp-content\/uploads\/2025\/06\/24-tours-sans-Venin-013-2048x1365.jpg 2048w\" sizes=\"auto, (max-width: 2560px) 100vw, 2560px\" \/><\/figure>\n\n\n\n<figure class=\"wp-block-image size-full\"><img loading=\"lazy\" decoding=\"async\" width=\"2560\" height=\"1707\" data-id=\"265\" src=\"https:\/\/24tsv.fr\/wp-content\/uploads\/2025\/06\/24TSVDSC02771-1-1-scaled.jpg\" alt=\"\" class=\"wp-image-265\" srcset=\"https:\/\/24tsv.fr\/wp-content\/uploads\/2025\/06\/24TSVDSC02771-1-1-scaled.jpg 2560w, https:\/\/24tsv.fr\/wp-content\/uploads\/2025\/06\/24TSVDSC02771-1-1-300x200.jpg 300w, https:\/\/24tsv.fr\/wp-content\/uploads\/2025\/06\/24TSVDSC02771-1-1-1024x683.jpg 1024w, https:\/\/24tsv.fr\/wp-content\/uploads\/2025\/06\/24TSVDSC02771-1-1-768x512.jpg 768w, https:\/\/24tsv.fr\/wp-content\/uploads\/2025\/06\/24TSVDSC02771-1-1-1536x1024.jpg 1536w, https:\/\/24tsv.fr\/wp-content\/uploads\/2025\/06\/24TSVDSC02771-1-1-2048x1365.jpg 2048w\" sizes=\"auto, (max-width: 2560px) 100vw, 2560px\" \/><\/figure>\n\n\n\n<figure class=\"wp-block-image size-full\"><img loading=\"lazy\" decoding=\"async\" width=\"2560\" height=\"1707\" data-id=\"269\" src=\"https:\/\/24tsv.fr\/wp-content\/uploads\/2025\/06\/24TSVDSC03622-scaled.jpg\" alt=\"\" class=\"wp-image-269\" srcset=\"https:\/\/24tsv.fr\/wp-content\/uploads\/2025\/06\/24TSVDSC03622-scaled.jpg 2560w, https:\/\/24tsv.fr\/wp-content\/uploads\/2025\/06\/24TSVDSC03622-300x200.jpg 300w, https:\/\/24tsv.fr\/wp-content\/uploads\/2025\/06\/24TSVDSC03622-1024x683.jpg 1024w, https:\/\/24tsv.fr\/wp-content\/uploads\/2025\/06\/24TSVDSC03622-768x512.jpg 768w, https:\/\/24tsv.fr\/wp-content\/uploads\/2025\/06\/24TSVDSC03622-1536x1024.jpg 1536w, https:\/\/24tsv.fr\/wp-content\/uploads\/2025\/06\/24TSVDSC03622-2048x1365.jpg 2048w\" sizes=\"auto, (max-width: 2560px) 100vw, 2560px\" \/><\/figure>\n\n\n\n<figure class=\"wp-block-image size-full\"><img loading=\"lazy\" decoding=\"async\" width=\"2560\" height=\"1707\" data-id=\"270\" src=\"https:\/\/24tsv.fr\/wp-content\/uploads\/2025\/06\/24-tours-sans-Venin-008-scaled.jpg\" alt=\"\" class=\"wp-image-270\" srcset=\"https:\/\/24tsv.fr\/wp-content\/uploads\/2025\/06\/24-tours-sans-Venin-008-scaled.jpg 2560w, https:\/\/24tsv.fr\/wp-content\/uploads\/2025\/06\/24-tours-sans-Venin-008-300x200.jpg 300w, https:\/\/24tsv.fr\/wp-content\/uploads\/2025\/06\/24-tours-sans-Venin-008-1024x683.jpg 1024w, https:\/\/24tsv.fr\/wp-content\/uploads\/2025\/06\/24-tours-sans-Venin-008-768x512.jpg 768w, https:\/\/24tsv.fr\/wp-content\/uploads\/2025\/06\/24-tours-sans-Venin-008-1536x1024.jpg 1536w, https:\/\/24tsv.fr\/wp-content\/uploads\/2025\/06\/24-tours-sans-Venin-008-2048x1365.jpg 2048w\" sizes=\"auto, (max-width: 2560px) 100vw, 2560px\" \/><\/figure>\n<\/figure>\n<\/div>\n<\/div>\n<\/div>\n<\/div>\n\n\n\n<div class=\"wp-block-group is-content-justification-center is-layout-flex wp-container-core-group-is-layout-b02886af wp-block-group-is-layout-flex\">\n<div class=\"wp-block-buttons is-content-justification-center is-layout-flex wp-container-core-buttons-is-layout-a89b3969 wp-block-buttons-is-layout-flex\">\n<div class=\"wp-block-button is-style-outline is-style-outline--2\"><a class=\"wp-block-button__link has-raft-bg-background-color has-background wp-element-button\" href=\"https:\/\/24tsv.fr\/wp-content\/uploads\/2025\/06\/24-TSV-backyard.pdf\" target=\"_blank\" rel=\"noreferrer noopener\">R\u00e9sultats 24 TSV<\/a><\/div>\n<\/div>\n\n\n\n<div class=\"wp-block-buttons is-content-justification-center is-layout-flex wp-container-core-buttons-is-layout-a89b3969 wp-block-buttons-is-layout-flex\">\n<div class=\"wp-block-button is-style-outline is-style-outline--3\"><a class=\"wp-block-button__link has-raft-bg-background-color has-background wp-element-button\" href=\"https:\/\/24tsv.fr\/wp-content\/uploads\/2025\/06\/24-TSV-maratour.pdf\" target=\"_blank\" rel=\"noreferrer noopener\">R\u00e9sultats Maratour<\/a><\/div>\n<\/div>\n\n\n\n<div class=\"wp-block-buttons is-content-justification-center is-layout-flex wp-container-core-buttons-is-layout-a89b3969 wp-block-buttons-is-layout-flex\">\n<div class=\"wp-block-button is-style-outline is-style-outline--4\"><a class=\"wp-block-button__link has-raft-bg-background-color has-background wp-element-button\" href=\"https:\/\/24tsv.fr\/wp-content\/uploads\/2025\/06\/24-TSV-decouverte.pdf\" target=\"_blank\" rel=\"noreferrer noopener\">R\u00e9sultats D\u00e9couverte<\/a><\/div>\n<\/div>\n\n\n\n<div class=\"wp-block-buttons is-content-justification-center is-layout-flex wp-container-core-buttons-is-layout-a89b3969 wp-block-buttons-is-layout-flex\">\n<div class=\"wp-block-button is-style-outline is-style-outline--5\"><a class=\"wp-block-button__link has-raft-bg-background-color has-background wp-element-button\" href=\"https:\/\/24tsv.fr\/wp-content\/uploads\/2025\/06\/24-TSV-coucher-soleil.pdf\" target=\"_blank\" rel=\"noreferrer noopener\">R\u00e9sultats coucher soleil<\/a><\/div>\n<\/div>\n<\/div>\n\n\n\n<div class=\"wp-block-group alignwide is-layout-flow wp-block-group-is-layout-flow\">\n<div class=\"wp-block-columns is-layout-flex wp-container-core-columns-is-layout-28f84493 wp-block-columns-is-layout-flex\">\n<div class=\"wp-block-column is-layout-flow wp-block-column-is-layout-flow\">\n<figure class=\"wp-block-gallery aligncenter has-nested-images columns-default wp-block-gallery-6 is-layout-flex wp-block-gallery-is-layout-flex\">\n<figure class=\"wp-block-image size-full\"><img loading=\"lazy\" decoding=\"async\" width=\"2560\" height=\"1707\" data-id=\"275\" src=\"https:\/\/24tsv.fr\/wp-content\/uploads\/2025\/06\/seyssins-16-scaled.jpg\" alt=\"\" class=\"wp-image-275\" srcset=\"https:\/\/24tsv.fr\/wp-content\/uploads\/2025\/06\/seyssins-16-scaled.jpg 2560w, https:\/\/24tsv.fr\/wp-content\/uploads\/2025\/06\/seyssins-16-300x200.jpg 300w, https:\/\/24tsv.fr\/wp-content\/uploads\/2025\/06\/seyssins-16-1024x683.jpg 1024w, https:\/\/24tsv.fr\/wp-content\/uploads\/2025\/06\/seyssins-16-768x512.jpg 768w, https:\/\/24tsv.fr\/wp-content\/uploads\/2025\/06\/seyssins-16-1536x1024.jpg 1536w, https:\/\/24tsv.fr\/wp-content\/uploads\/2025\/06\/seyssins-16-2048x1365.jpg 2048w\" sizes=\"auto, (max-width: 2560px) 100vw, 2560px\" \/><\/figure>\n\n\n\n<figure class=\"wp-block-image size-full\"><img loading=\"lazy\" decoding=\"async\" width=\"2560\" height=\"1707\" data-id=\"276\" src=\"https:\/\/24tsv.fr\/wp-content\/uploads\/2025\/06\/24-tours-sans-Venin-133-scaled.jpg\" alt=\"\" class=\"wp-image-276\" srcset=\"https:\/\/24tsv.fr\/wp-content\/uploads\/2025\/06\/24-tours-sans-Venin-133-scaled.jpg 2560w, https:\/\/24tsv.fr\/wp-content\/uploads\/2025\/06\/24-tours-sans-Venin-133-300x200.jpg 300w, https:\/\/24tsv.fr\/wp-content\/uploads\/2025\/06\/24-tours-sans-Venin-133-1024x683.jpg 1024w, https:\/\/24tsv.fr\/wp-content\/uploads\/2025\/06\/24-tours-sans-Venin-133-768x512.jpg 768w, https:\/\/24tsv.fr\/wp-content\/uploads\/2025\/06\/24-tours-sans-Venin-133-1536x1024.jpg 1536w, https:\/\/24tsv.fr\/wp-content\/uploads\/2025\/06\/24-tours-sans-Venin-133-2048x1365.jpg 2048w\" sizes=\"auto, (max-width: 2560px) 100vw, 2560px\" \/><\/figure>\n\n\n\n<figure class=\"wp-block-image size-full\"><img loading=\"lazy\" decoding=\"async\" width=\"2560\" height=\"1707\" data-id=\"277\" src=\"https:\/\/24tsv.fr\/wp-content\/uploads\/2025\/06\/24-tours-sans-Venin-010-1-scaled.jpg\" alt=\"\" class=\"wp-image-277\" srcset=\"https:\/\/24tsv.fr\/wp-content\/uploads\/2025\/06\/24-tours-sans-Venin-010-1-scaled.jpg 2560w, https:\/\/24tsv.fr\/wp-content\/uploads\/2025\/06\/24-tours-sans-Venin-010-1-300x200.jpg 300w, https:\/\/24tsv.fr\/wp-content\/uploads\/2025\/06\/24-tours-sans-Venin-010-1-1024x683.jpg 1024w, https:\/\/24tsv.fr\/wp-content\/uploads\/2025\/06\/24-tours-sans-Venin-010-1-768x512.jpg 768w, https:\/\/24tsv.fr\/wp-content\/uploads\/2025\/06\/24-tours-sans-Venin-010-1-1536x1024.jpg 1536w, https:\/\/24tsv.fr\/wp-content\/uploads\/2025\/06\/24-tours-sans-Venin-010-1-2048x1365.jpg 2048w\" sizes=\"auto, (max-width: 2560px) 100vw, 2560px\" \/><\/figure>\n\n\n\n<figure class=\"wp-block-image size-full\"><img loading=\"lazy\" decoding=\"async\" width=\"2560\" height=\"1707\" data-id=\"278\" src=\"https:\/\/24tsv.fr\/wp-content\/uploads\/2025\/06\/24-tours-sans-Venin-151-scaled.jpg\" alt=\"\" class=\"wp-image-278\" srcset=\"https:\/\/24tsv.fr\/wp-content\/uploads\/2025\/06\/24-tours-sans-Venin-151-scaled.jpg 2560w, https:\/\/24tsv.fr\/wp-content\/uploads\/2025\/06\/24-tours-sans-Venin-151-300x200.jpg 300w, https:\/\/24tsv.fr\/wp-content\/uploads\/2025\/06\/24-tours-sans-Venin-151-1024x683.jpg 1024w, https:\/\/24tsv.fr\/wp-content\/uploads\/2025\/06\/24-tours-sans-Venin-151-768x512.jpg 768w, https:\/\/24tsv.fr\/wp-content\/uploads\/2025\/06\/24-tours-sans-Venin-151-1536x1024.jpg 1536w, https:\/\/24tsv.fr\/wp-content\/uploads\/2025\/06\/24-tours-sans-Venin-151-2048x1365.jpg 2048w\" sizes=\"auto, (max-width: 2560px) 100vw, 2560px\" \/><\/figure>\n\n\n\n<figure class=\"wp-block-image size-full\"><img loading=\"lazy\" decoding=\"async\" width=\"2560\" height=\"1707\" data-id=\"280\" src=\"https:\/\/24tsv.fr\/wp-content\/uploads\/2025\/06\/24-tours-sans-Venin-110-1-scaled.jpg\" alt=\"\" class=\"wp-image-280\" srcset=\"https:\/\/24tsv.fr\/wp-content\/uploads\/2025\/06\/24-tours-sans-Venin-110-1-scaled.jpg 2560w, https:\/\/24tsv.fr\/wp-content\/uploads\/2025\/06\/24-tours-sans-Venin-110-1-300x200.jpg 300w, https:\/\/24tsv.fr\/wp-content\/uploads\/2025\/06\/24-tours-sans-Venin-110-1-1024x683.jpg 1024w, https:\/\/24tsv.fr\/wp-content\/uploads\/2025\/06\/24-tours-sans-Venin-110-1-768x512.jpg 768w, https:\/\/24tsv.fr\/wp-content\/uploads\/2025\/06\/24-tours-sans-Venin-110-1-1536x1024.jpg 1536w, https:\/\/24tsv.fr\/wp-content\/uploads\/2025\/06\/24-tours-sans-Venin-110-1-2048x1365.jpg 2048w\" sizes=\"auto, (max-width: 2560px) 100vw, 2560px\" \/><\/figure>\n<\/figure>\n<\/div>\n<\/div>\n<\/div>\n","protected":false},"excerpt":{"rendered":"<p>2025 : une premi\u00e8re \u00e9dition r\u00e9ussie La premi\u00e8re \u00e9dition des 24 Tours Sans Venin a offert un concentr\u00e9 d\u2019\u00e9motions et de d\u00e9passement de soi ! 200 traileurs se sont \u00e9lanc\u00e9s sur la boucle exigeante au fil des heures, bravant les relances, le d\u00e9nivel\u00e9 et la m\u00e9t\u00e9o capricieuse, entre \u00e9claircies et averses.Sur la ligne de d\u00e9part [&hellip;]<\/p>\n","protected":false},"author":1,"featured_media":0,"parent":0,"menu_order":0,"comment_status":"closed","ping_status":"closed","template":"","meta":{"_themeisle_gutenberg_block_has_review":false,"footnotes":""},"class_list":["post-261","page","type-page","status-publish","hentry"],"_links":{"self":[{"href":"https:\/\/24tsv.fr\/index.php\/wp-json\/wp\/v2\/pages\/261","targetHints":{"allow":["GET"]}}],"collection":[{"href":"https:\/\/24tsv.fr\/index.php\/wp-json\/wp\/v2\/pages"}],"about":[{"href":"https:\/\/24tsv.fr\/index.php\/wp-json\/wp\/v2\/types\/page"}],"author":[{"embeddable":true,"href":"https:\/\/24tsv.fr\/index.php\/wp-json\/wp\/v2\/users\/1"}],"replies":[{"embeddable":true,"href":"https:\/\/24tsv.fr\/index.php\/wp-json\/wp\/v2\/comments?post=261"}],"version-history":[{"count":6,"href":"https:\/\/24tsv.fr\/index.php\/wp-json\/wp\/v2\/pages\/261\/revisions"}],"predecessor-version":[{"id":353,"href":"https:\/\/24tsv.fr\/index.php\/wp-json\/wp\/v2\/pages\/261\/revisions\/353"}],"wp:attachment":[{"href":"https:\/\/24tsv.fr\/index.php\/wp-json\/wp\/v2\/media?parent=261"}],"curies":[{"name":"wp","href":"https:\/\/api.w.org\/{rel}","templated":true}]}}