{"id":421,"date":"2026-04-18T21:12:24","date_gmt":"2026-04-18T19:12:24","guid":{"rendered":"https:\/\/24tsv.fr\/?page_id=421"},"modified":"2026-04-18T22:05:46","modified_gmt":"2026-04-18T20:05:46","slug":"2e-edition-2026-et-resultats","status":"publish","type":"page","link":"https:\/\/24tsv.fr\/index.php\/2e-edition-2026-et-resultats\/","title":{"rendered":"2e Edition 2026 et r\u00e9sultats"},"content":{"rendered":"\n<div class=\"wp-block-group alignfull is-layout-constrained wp-container-core-group-is-layout-e6919f55 wp-block-group-is-layout-constrained\" style=\"margin-top:var(--wp--preset--spacing--20);margin-bottom:var(--wp--preset--spacing--20);padding-top:0;padding-right:var(--wp--preset--spacing--40);padding-bottom:0;padding-left:var(--wp--preset--spacing--40)\">\n<h2 class=\"wp-block-heading has-text-align-left\">2026 : une \u00e9dition qui confirme et grandit<\/h2>\n\n\n\n<p class=\"has-text-align-left\">La deuxi\u00e8me \u00e9dition des 24 Tours Sans Venin a confirm\u00e9 l\u2019engouement pour l\u2019\u00e9v\u00e9nement, complet depuis plusieurs semaines ! Cette ann\u00e9e, 250 coureurs se sont lanc\u00e9s sur une nouvelle boucle, avec toujours autant de d\u00e9termination au fil des heures, port\u00e9s par une m\u00e9t\u00e9o plus cl\u00e9mente que l\u2019ann\u00e9e pr\u00e9c\u00e9dente.<\/p>\n\n\n\n<p>Grande nouveaut\u00e9 de cette \u00e9dition : l\u2019arriv\u00e9e d\u2019un format relais\/duo, qui a apport\u00e9 une nouvelle dynamique \u00e0 la course et permis \u00e0 encore plus de participants de vivre l\u2019aventure des 24 TSV et d\u2019aller au bout des 24 heures.<\/p>\n\n\n\n<p>Sur la distance reine des 24 tours, ils \u00e9taient 100 au d\u00e9part, pr\u00eats \u00e0 relever le d\u00e9fi ultime. Au bout de l\u2019effort, 13 finishers ont r\u00e9ussi \u00e0 boucler l\u2019int\u00e9grale, repoussant leurs limites jusqu\u2019au dernier tour. Une performance qui force le respect et illustre parfaitement l\u2019esprit de l\u2019\u00e9preuve.<\/p>\n\n\n\n<p>Un grand merci \u00e9galement \u00e0 nos associations partenaires, <a href=\"https:\/\/www.locomotive.asso.fr\/\">Locomotive <\/a>et <a href=\"http:\/\/www.atypik-grenoble.fr\/\">Atypik<\/a>, pour leur pr\u00e9sence et leur implication tout au long de l\u2019\u00e9v\u00e9nement.<\/p>\n\n\n\n<p class=\"has-text-align-left\">L\u2019histoire continue, et cette \u00e9dition 2026 marque une nouvelle \u00e9tape dans l\u2019aventure des 24 Tours Sans Venin. Rendez-vous d\u00e9j\u00e0 pour la suite !<\/p>\n\n\n\n<div class=\"wp-block-group alignwide is-layout-flow wp-block-group-is-layout-flow\">\n<div class=\"wp-block-columns is-layout-flex wp-container-core-columns-is-layout-28f84493 wp-block-columns-is-layout-flex\">\n<div class=\"wp-block-column is-layout-flow wp-block-column-is-layout-flow\">\n<figure class=\"wp-block-gallery aligncenter has-nested-images columns-default wp-block-gallery-1 is-layout-flex wp-block-gallery-is-layout-flex\">\n<figure class=\"wp-block-image size-full\"><img loading=\"lazy\" decoding=\"async\" width=\"2560\" height=\"2560\" data-id=\"399\" src=\"https:\/\/24tsv.fr\/wp-content\/uploads\/2026\/04\/24-Tour-Sans-Venin-Romain-Poletto-120-1-edited-scaled.jpg\" alt=\"\" class=\"wp-image-399\" srcset=\"https:\/\/24tsv.fr\/wp-content\/uploads\/2026\/04\/24-Tour-Sans-Venin-Romain-Poletto-120-1-edited-scaled.jpg 2560w, https:\/\/24tsv.fr\/wp-content\/uploads\/2026\/04\/24-Tour-Sans-Venin-Romain-Poletto-120-1-edited-300x300.jpg 300w, https:\/\/24tsv.fr\/wp-content\/uploads\/2026\/04\/24-Tour-Sans-Venin-Romain-Poletto-120-1-edited-1024x1024.jpg 1024w, https:\/\/24tsv.fr\/wp-content\/uploads\/2026\/04\/24-Tour-Sans-Venin-Romain-Poletto-120-1-edited-150x150.jpg 150w, https:\/\/24tsv.fr\/wp-content\/uploads\/2026\/04\/24-Tour-Sans-Venin-Romain-Poletto-120-1-edited-768x768.jpg 768w, https:\/\/24tsv.fr\/wp-content\/uploads\/2026\/04\/24-Tour-Sans-Venin-Romain-Poletto-120-1-edited-1536x1536.jpg 1536w, https:\/\/24tsv.fr\/wp-content\/uploads\/2026\/04\/24-Tour-Sans-Venin-Romain-Poletto-120-1-edited-2048x2048.jpg 2048w\" sizes=\"auto, (max-width: 2560px) 100vw, 2560px\" \/><\/figure>\n\n\n\n<figure class=\"wp-block-image size-full\"><img loading=\"lazy\" decoding=\"async\" width=\"2560\" height=\"2560\" data-id=\"396\" src=\"https:\/\/24tsv.fr\/wp-content\/uploads\/2026\/04\/24-Tour-Sans-Venin-Romain-Poletto-122-edited-scaled.jpg\" alt=\"\" class=\"wp-image-396\" srcset=\"https:\/\/24tsv.fr\/wp-content\/uploads\/2026\/04\/24-Tour-Sans-Venin-Romain-Poletto-122-edited-scaled.jpg 2560w, https:\/\/24tsv.fr\/wp-content\/uploads\/2026\/04\/24-Tour-Sans-Venin-Romain-Poletto-122-edited-300x300.jpg 300w, https:\/\/24tsv.fr\/wp-content\/uploads\/2026\/04\/24-Tour-Sans-Venin-Romain-Poletto-122-edited-1024x1024.jpg 1024w, https:\/\/24tsv.fr\/wp-content\/uploads\/2026\/04\/24-Tour-Sans-Venin-Romain-Poletto-122-edited-150x150.jpg 150w, https:\/\/24tsv.fr\/wp-content\/uploads\/2026\/04\/24-Tour-Sans-Venin-Romain-Poletto-122-edited-768x768.jpg 768w, https:\/\/24tsv.fr\/wp-content\/uploads\/2026\/04\/24-Tour-Sans-Venin-Romain-Poletto-122-edited-1536x1536.jpg 1536w, https:\/\/24tsv.fr\/wp-content\/uploads\/2026\/04\/24-Tour-Sans-Venin-Romain-Poletto-122-edited-2048x2048.jpg 2048w\" sizes=\"auto, (max-width: 2560px) 100vw, 2560px\" \/><\/figure>\n\n\n\n<figure class=\"wp-block-image size-full\"><img loading=\"lazy\" decoding=\"async\" width=\"2560\" height=\"2560\" data-id=\"390\" src=\"https:\/\/24tsv.fr\/wp-content\/uploads\/2026\/04\/24-Tour-Sans-Venin-Romain-Poletto-048-edited-scaled.jpg\" alt=\"\" class=\"wp-image-390\" srcset=\"https:\/\/24tsv.fr\/wp-content\/uploads\/2026\/04\/24-Tour-Sans-Venin-Romain-Poletto-048-edited-scaled.jpg 2560w, https:\/\/24tsv.fr\/wp-content\/uploads\/2026\/04\/24-Tour-Sans-Venin-Romain-Poletto-048-edited-300x300.jpg 300w, https:\/\/24tsv.fr\/wp-content\/uploads\/2026\/04\/24-Tour-Sans-Venin-Romain-Poletto-048-edited-1024x1024.jpg 1024w, https:\/\/24tsv.fr\/wp-content\/uploads\/2026\/04\/24-Tour-Sans-Venin-Romain-Poletto-048-edited-150x150.jpg 150w, https:\/\/24tsv.fr\/wp-content\/uploads\/2026\/04\/24-Tour-Sans-Venin-Romain-Poletto-048-edited-768x768.jpg 768w, https:\/\/24tsv.fr\/wp-content\/uploads\/2026\/04\/24-Tour-Sans-Venin-Romain-Poletto-048-edited-1536x1536.jpg 1536w, https:\/\/24tsv.fr\/wp-content\/uploads\/2026\/04\/24-Tour-Sans-Venin-Romain-Poletto-048-edited-2048x2048.jpg 2048w\" sizes=\"auto, (max-width: 2560px) 100vw, 2560px\" \/><\/figure>\n\n\n\n<figure class=\"wp-block-image size-full\"><img loading=\"lazy\" decoding=\"async\" width=\"2560\" height=\"2560\" data-id=\"402\" src=\"https:\/\/24tsv.fr\/wp-content\/uploads\/2026\/04\/24-Tour-Sans-Venin-Romain-Poletto-326-2-edited-scaled.jpg\" alt=\"\" class=\"wp-image-402\" srcset=\"https:\/\/24tsv.fr\/wp-content\/uploads\/2026\/04\/24-Tour-Sans-Venin-Romain-Poletto-326-2-edited-scaled.jpg 2560w, https:\/\/24tsv.fr\/wp-content\/uploads\/2026\/04\/24-Tour-Sans-Venin-Romain-Poletto-326-2-edited-300x300.jpg 300w, https:\/\/24tsv.fr\/wp-content\/uploads\/2026\/04\/24-Tour-Sans-Venin-Romain-Poletto-326-2-edited-1024x1024.jpg 1024w, https:\/\/24tsv.fr\/wp-content\/uploads\/2026\/04\/24-Tour-Sans-Venin-Romain-Poletto-326-2-edited-150x150.jpg 150w, https:\/\/24tsv.fr\/wp-content\/uploads\/2026\/04\/24-Tour-Sans-Venin-Romain-Poletto-326-2-edited-768x768.jpg 768w, https:\/\/24tsv.fr\/wp-content\/uploads\/2026\/04\/24-Tour-Sans-Venin-Romain-Poletto-326-2-edited-1536x1536.jpg 1536w, https:\/\/24tsv.fr\/wp-content\/uploads\/2026\/04\/24-Tour-Sans-Venin-Romain-Poletto-326-2-edited-2048x2048.jpg 2048w\" sizes=\"auto, (max-width: 2560px) 100vw, 2560px\" \/><\/figure>\n\n\n\n<figure class=\"wp-block-image size-full\"><img loading=\"lazy\" decoding=\"async\" width=\"2560\" height=\"2560\" data-id=\"392\" src=\"https:\/\/24tsv.fr\/wp-content\/uploads\/2026\/04\/24-Tour-Sans-Venin-Romain-Poletto-097-edited-scaled.jpg\" alt=\"\" class=\"wp-image-392\" srcset=\"https:\/\/24tsv.fr\/wp-content\/uploads\/2026\/04\/24-Tour-Sans-Venin-Romain-Poletto-097-edited-scaled.jpg 2560w, https:\/\/24tsv.fr\/wp-content\/uploads\/2026\/04\/24-Tour-Sans-Venin-Romain-Poletto-097-edited-300x300.jpg 300w, https:\/\/24tsv.fr\/wp-content\/uploads\/2026\/04\/24-Tour-Sans-Venin-Romain-Poletto-097-edited-1024x1024.jpg 1024w, https:\/\/24tsv.fr\/wp-content\/uploads\/2026\/04\/24-Tour-Sans-Venin-Romain-Poletto-097-edited-150x150.jpg 150w, https:\/\/24tsv.fr\/wp-content\/uploads\/2026\/04\/24-Tour-Sans-Venin-Romain-Poletto-097-edited-768x768.jpg 768w, https:\/\/24tsv.fr\/wp-content\/uploads\/2026\/04\/24-Tour-Sans-Venin-Romain-Poletto-097-edited-1536x1536.jpg 1536w, https:\/\/24tsv.fr\/wp-content\/uploads\/2026\/04\/24-Tour-Sans-Venin-Romain-Poletto-097-edited-2048x2048.jpg 2048w\" sizes=\"auto, (max-width: 2560px) 100vw, 2560px\" \/><\/figure>\n<\/figure>\n<\/div>\n<\/div>\n<\/div>\n\n\n\n<div class=\"wp-block-buttons is-content-justification-center is-layout-flex wp-container-core-buttons-is-layout-a89b3969 wp-block-buttons-is-layout-flex\">\n<div class=\"wp-block-button is-style-outline is-style-outline--2\"><a class=\"wp-block-button__link has-black-color has-text-color wp-element-button\" href=\"https:\/\/24tsv.fr\/wp-content\/uploads\/2026\/04\/Classement-general-24TSV-Solo.pdf\" target=\"_blank\" rel=\"noreferrer noopener\">R\u00e9sultats 24 TSV<\/a><\/div>\n\n\n\n<div class=\"wp-block-button is-style-outline is-style-outline--3\"><a class=\"wp-block-button__link has-black-color has-text-color wp-element-button\" href=\"https:\/\/24tsv.fr\/wp-content\/uploads\/2026\/04\/Classement-general-24TSV-Relais.pdf\" target=\"_blank\" rel=\"noreferrer noopener\">R\u00e9sultats 24 TSV &#8211; relais<\/a><\/div>\n\n\n\n<div class=\"wp-block-button is-style-outline is-style-outline--4\"><a class=\"wp-block-button__link has-black-color has-text-color wp-element-button\" href=\"https:\/\/24tsv.fr\/wp-content\/uploads\/2026\/04\/Classement-general-Maratour.pdf\" target=\"_blank\" rel=\"noreferrer noopener\">R\u00e9sultats Maratour (7T)<\/a><\/div>\n\n\n\n<div class=\"wp-block-button is-style-outline is-style-outline--5\"><a class=\"wp-block-button__link has-black-color has-text-color wp-element-button\" href=\"https:\/\/24tsv.fr\/wp-content\/uploads\/2026\/04\/Classement-general-Decouverte.pdf\" target=\"_blank\" rel=\"noreferrer noopener\">R\u00e9sultats D\u00e9couverte (4T)<\/a><\/div>\n<\/div>\n\n\n\n<div class=\"wp-block-group alignfull is-layout-constrained wp-container-core-group-is-layout-94e92a02 wp-block-group-is-layout-constrained\" style=\"margin-top:0;margin-bottom:0;padding-top:var(--wp--preset--spacing--80);padding-right:var(--wp--preset--spacing--40);padding-bottom:var(--wp--preset--spacing--80);padding-left:var(--wp--preset--spacing--40)\">\n<div class=\"wp-block-group alignwide is-layout-flow wp-block-group-is-layout-flow\">\n<div class=\"wp-block-columns is-layout-flex wp-container-core-columns-is-layout-28f84493 wp-block-columns-is-layout-flex\">\n<div class=\"wp-block-column is-layout-flow wp-block-column-is-layout-flow\">\n<figure class=\"wp-block-gallery aligncenter has-nested-images columns-default wp-block-gallery-6 is-layout-flex wp-block-gallery-is-layout-flex\">\n<figure class=\"wp-block-image size-full\"><img loading=\"lazy\" decoding=\"async\" width=\"2560\" height=\"2560\" data-id=\"412\" src=\"https:\/\/24tsv.fr\/wp-content\/uploads\/2026\/04\/24-Tour-Sans-Venin-Romain-Poletto-012-edited-scaled.jpg\" alt=\"\" class=\"wp-image-412\" srcset=\"https:\/\/24tsv.fr\/wp-content\/uploads\/2026\/04\/24-Tour-Sans-Venin-Romain-Poletto-012-edited-scaled.jpg 2560w, https:\/\/24tsv.fr\/wp-content\/uploads\/2026\/04\/24-Tour-Sans-Venin-Romain-Poletto-012-edited-300x300.jpg 300w, https:\/\/24tsv.fr\/wp-content\/uploads\/2026\/04\/24-Tour-Sans-Venin-Romain-Poletto-012-edited-1024x1024.jpg 1024w, https:\/\/24tsv.fr\/wp-content\/uploads\/2026\/04\/24-Tour-Sans-Venin-Romain-Poletto-012-edited-150x150.jpg 150w, https:\/\/24tsv.fr\/wp-content\/uploads\/2026\/04\/24-Tour-Sans-Venin-Romain-Poletto-012-edited-768x768.jpg 768w, https:\/\/24tsv.fr\/wp-content\/uploads\/2026\/04\/24-Tour-Sans-Venin-Romain-Poletto-012-edited-1536x1536.jpg 1536w, https:\/\/24tsv.fr\/wp-content\/uploads\/2026\/04\/24-Tour-Sans-Venin-Romain-Poletto-012-edited-2048x2048.jpg 2048w\" sizes=\"auto, (max-width: 2560px) 100vw, 2560px\" \/><\/figure>\n\n\n\n<figure class=\"wp-block-image size-full\"><img loading=\"lazy\" decoding=\"async\" width=\"2560\" height=\"2560\" data-id=\"411\" src=\"https:\/\/24tsv.fr\/wp-content\/uploads\/2026\/04\/24-Tour-Sans-Venin-Romain-Poletto-023-edited-scaled.jpg\" alt=\"\" class=\"wp-image-411\" srcset=\"https:\/\/24tsv.fr\/wp-content\/uploads\/2026\/04\/24-Tour-Sans-Venin-Romain-Poletto-023-edited-scaled.jpg 2560w, https:\/\/24tsv.fr\/wp-content\/uploads\/2026\/04\/24-Tour-Sans-Venin-Romain-Poletto-023-edited-300x300.jpg 300w, https:\/\/24tsv.fr\/wp-content\/uploads\/2026\/04\/24-Tour-Sans-Venin-Romain-Poletto-023-edited-1024x1024.jpg 1024w, https:\/\/24tsv.fr\/wp-content\/uploads\/2026\/04\/24-Tour-Sans-Venin-Romain-Poletto-023-edited-150x150.jpg 150w, https:\/\/24tsv.fr\/wp-content\/uploads\/2026\/04\/24-Tour-Sans-Venin-Romain-Poletto-023-edited-768x768.jpg 768w, https:\/\/24tsv.fr\/wp-content\/uploads\/2026\/04\/24-Tour-Sans-Venin-Romain-Poletto-023-edited-1536x1536.jpg 1536w, https:\/\/24tsv.fr\/wp-content\/uploads\/2026\/04\/24-Tour-Sans-Venin-Romain-Poletto-023-edited-2048x2048.jpg 2048w\" sizes=\"auto, (max-width: 2560px) 100vw, 2560px\" \/><\/figure>\n\n\n\n<figure class=\"wp-block-image size-full\"><img loading=\"lazy\" decoding=\"async\" width=\"2560\" height=\"2560\" data-id=\"415\" src=\"https:\/\/24tsv.fr\/wp-content\/uploads\/2026\/04\/24-Tour-Sans-Venin-Romain-Poletto-127-edited-scaled.jpg\" alt=\"\" class=\"wp-image-415\" srcset=\"https:\/\/24tsv.fr\/wp-content\/uploads\/2026\/04\/24-Tour-Sans-Venin-Romain-Poletto-127-edited-scaled.jpg 2560w, https:\/\/24tsv.fr\/wp-content\/uploads\/2026\/04\/24-Tour-Sans-Venin-Romain-Poletto-127-edited-300x300.jpg 300w, https:\/\/24tsv.fr\/wp-content\/uploads\/2026\/04\/24-Tour-Sans-Venin-Romain-Poletto-127-edited-1024x1024.jpg 1024w, https:\/\/24tsv.fr\/wp-content\/uploads\/2026\/04\/24-Tour-Sans-Venin-Romain-Poletto-127-edited-150x150.jpg 150w, https:\/\/24tsv.fr\/wp-content\/uploads\/2026\/04\/24-Tour-Sans-Venin-Romain-Poletto-127-edited-768x768.jpg 768w, https:\/\/24tsv.fr\/wp-content\/uploads\/2026\/04\/24-Tour-Sans-Venin-Romain-Poletto-127-edited-1536x1536.jpg 1536w, https:\/\/24tsv.fr\/wp-content\/uploads\/2026\/04\/24-Tour-Sans-Venin-Romain-Poletto-127-edited-2048x2048.jpg 2048w\" sizes=\"auto, (max-width: 2560px) 100vw, 2560px\" \/><\/figure>\n\n\n\n<figure class=\"wp-block-image size-full\"><img loading=\"lazy\" decoding=\"async\" width=\"2560\" height=\"2560\" data-id=\"417\" src=\"https:\/\/24tsv.fr\/wp-content\/uploads\/2026\/04\/24-Tour-Sans-Venin-Romain-Poletto-201-edited-scaled.jpg\" alt=\"\" class=\"wp-image-417\" srcset=\"https:\/\/24tsv.fr\/wp-content\/uploads\/2026\/04\/24-Tour-Sans-Venin-Romain-Poletto-201-edited-scaled.jpg 2560w, https:\/\/24tsv.fr\/wp-content\/uploads\/2026\/04\/24-Tour-Sans-Venin-Romain-Poletto-201-edited-300x300.jpg 300w, https:\/\/24tsv.fr\/wp-content\/uploads\/2026\/04\/24-Tour-Sans-Venin-Romain-Poletto-201-edited-1024x1024.jpg 1024w, https:\/\/24tsv.fr\/wp-content\/uploads\/2026\/04\/24-Tour-Sans-Venin-Romain-Poletto-201-edited-150x150.jpg 150w, https:\/\/24tsv.fr\/wp-content\/uploads\/2026\/04\/24-Tour-Sans-Venin-Romain-Poletto-201-edited-768x768.jpg 768w, https:\/\/24tsv.fr\/wp-content\/uploads\/2026\/04\/24-Tour-Sans-Venin-Romain-Poletto-201-edited-1536x1536.jpg 1536w, https:\/\/24tsv.fr\/wp-content\/uploads\/2026\/04\/24-Tour-Sans-Venin-Romain-Poletto-201-edited-2048x2048.jpg 2048w\" sizes=\"auto, (max-width: 2560px) 100vw, 2560px\" \/><\/figure>\n\n\n\n<figure class=\"wp-block-image size-full\"><img loading=\"lazy\" decoding=\"async\" width=\"2560\" height=\"2560\" data-id=\"410\" src=\"https:\/\/24tsv.fr\/wp-content\/uploads\/2026\/04\/24-Tour-Sans-Venin-Romain-Poletto-084-edited-scaled.jpg\" alt=\"\" class=\"wp-image-410\" srcset=\"https:\/\/24tsv.fr\/wp-content\/uploads\/2026\/04\/24-Tour-Sans-Venin-Romain-Poletto-084-edited-scaled.jpg 2560w, https:\/\/24tsv.fr\/wp-content\/uploads\/2026\/04\/24-Tour-Sans-Venin-Romain-Poletto-084-edited-300x300.jpg 300w, https:\/\/24tsv.fr\/wp-content\/uploads\/2026\/04\/24-Tour-Sans-Venin-Romain-Poletto-084-edited-1024x1024.jpg 1024w, https:\/\/24tsv.fr\/wp-content\/uploads\/2026\/04\/24-Tour-Sans-Venin-Romain-Poletto-084-edited-150x150.jpg 150w, https:\/\/24tsv.fr\/wp-content\/uploads\/2026\/04\/24-Tour-Sans-Venin-Romain-Poletto-084-edited-768x768.jpg 768w, https:\/\/24tsv.fr\/wp-content\/uploads\/2026\/04\/24-Tour-Sans-Venin-Romain-Poletto-084-edited-1536x1536.jpg 1536w, https:\/\/24tsv.fr\/wp-content\/uploads\/2026\/04\/24-Tour-Sans-Venin-Romain-Poletto-084-edited-2048x2048.jpg 2048w\" sizes=\"auto, (max-width: 2560px) 100vw, 2560px\" \/><\/figure>\n<\/figure>\n<\/div>\n<\/div>\n<\/div>\n<\/div>\n<\/div>\n","protected":false},"excerpt":{"rendered":"<p>2026 : une \u00e9dition qui confirme et grandit La deuxi\u00e8me \u00e9dition des 24 Tours Sans Venin a confirm\u00e9 l\u2019engouement pour l\u2019\u00e9v\u00e9nement, complet depuis plusieurs semaines ! Cette ann\u00e9e, 250 coureurs se sont lanc\u00e9s sur une nouvelle boucle, avec toujours autant de d\u00e9termination au fil des heures, port\u00e9s par une m\u00e9t\u00e9o plus cl\u00e9mente que l\u2019ann\u00e9e pr\u00e9c\u00e9dente. [&hellip;]<\/p>\n","protected":false},"author":1,"featured_media":0,"parent":0,"menu_order":0,"comment_status":"closed","ping_status":"closed","template":"","meta":{"_themeisle_gutenberg_block_has_review":false,"footnotes":""},"class_list":["post-421","page","type-page","status-publish","hentry"],"_links":{"self":[{"href":"https:\/\/24tsv.fr\/index.php\/wp-json\/wp\/v2\/pages\/421","targetHints":{"allow":["GET"]}}],"collection":[{"href":"https:\/\/24tsv.fr\/index.php\/wp-json\/wp\/v2\/pages"}],"about":[{"href":"https:\/\/24tsv.fr\/index.php\/wp-json\/wp\/v2\/types\/page"}],"author":[{"embeddable":true,"href":"https:\/\/24tsv.fr\/index.php\/wp-json\/wp\/v2\/users\/1"}],"replies":[{"embeddable":true,"href":"https:\/\/24tsv.fr\/index.php\/wp-json\/wp\/v2\/comments?post=421"}],"version-history":[{"count":5,"href":"https:\/\/24tsv.fr\/index.php\/wp-json\/wp\/v2\/pages\/421\/revisions"}],"predecessor-version":[{"id":428,"href":"https:\/\/24tsv.fr\/index.php\/wp-json\/wp\/v2\/pages\/421\/revisions\/428"}],"wp:attachment":[{"href":"https:\/\/24tsv.fr\/index.php\/wp-json\/wp\/v2\/media?parent=421"}],"curies":[{"name":"wp","href":"https:\/\/api.w.org\/{rel}","templated":true}]}}