{"id":45,"date":"2024-09-26T20:20:34","date_gmt":"2024-09-26T18:20:34","guid":{"rendered":"https:\/\/24tsv.fr\/?page_id=45"},"modified":"2025-12-04T18:37:23","modified_gmt":"2025-12-04T17:37:23","slug":"lacourse","status":"publish","type":"page","link":"https:\/\/24tsv.fr\/index.php\/lacourse\/","title":{"rendered":"La course"},"content":{"rendered":"\n<h2 id=\"wp-block-themeisle-blocks-advanced-heading-0d1ac535\" class=\"wp-block-themeisle-blocks-advanced-heading wp-block-themeisle-blocks-advanced-heading-0d1ac535\">La course<\/h2>\n\n\n\n<div class=\"wp-block-columns has-raft-fg-alt-color has-text-color has-link-color wp-elements-6d4ea4c31997d12dd506ae95db1563d9 is-layout-flex wp-container-core-columns-is-layout-28f84493 wp-block-columns-is-layout-flex\">\n<div class=\"wp-block-column is-layout-flow wp-block-column-is-layout-flow\" style=\"flex-basis:50%\">\n<p class=\"has-text-align-center has-raft-fg-color has-raft-bg-background-color has-text-color has-background\" style=\"font-size:16px\">Les 24 Tours sans Venin, c\u2019est une course d\u2019endurance au format \u00ab\u00a0Dernier Homme Debout\u00a0\u00bb : une boucle de 6 km et 280 m de D+ \u00e0 boucler chaque heure, aussi longtemps que vous le pouvez.<\/p>\n\n\n\n<figure class=\"wp-block-image aligncenter size-large is-resized\"><img loading=\"lazy\" decoding=\"async\" width=\"1024\" height=\"705\" src=\"https:\/\/24tsv.fr\/wp-content\/uploads\/2025\/06\/24-tours-sans-Venin-188-1024x705.jpg\" alt=\"\" class=\"wp-image-246\" style=\"width:355px;height:auto\" srcset=\"https:\/\/24tsv.fr\/wp-content\/uploads\/2025\/06\/24-tours-sans-Venin-188-1024x705.jpg 1024w, https:\/\/24tsv.fr\/wp-content\/uploads\/2025\/06\/24-tours-sans-Venin-188-300x207.jpg 300w, https:\/\/24tsv.fr\/wp-content\/uploads\/2025\/06\/24-tours-sans-Venin-188-768x529.jpg 768w, https:\/\/24tsv.fr\/wp-content\/uploads\/2025\/06\/24-tours-sans-Venin-188-1536x1058.jpg 1536w, https:\/\/24tsv.fr\/wp-content\/uploads\/2025\/06\/24-tours-sans-Venin-188-2048x1411.jpg 2048w\" sizes=\"auto, (max-width: 1024px) 100vw, 1024px\" \/><\/figure>\n<\/div>\n\n\n\n<div class=\"wp-block-column is-vertically-aligned-top is-layout-flow wp-block-column-is-layout-flow\" style=\"flex-basis:50%\">\n<figure class=\"wp-block-image aligncenter size-large is-resized wp-container-content-69db355d\"><img loading=\"lazy\" decoding=\"async\" width=\"1024\" height=\"683\" src=\"https:\/\/24tsv.fr\/wp-content\/uploads\/2025\/06\/24-tours-sans-Venin-127-1024x683.jpg\" alt=\"\" class=\"wp-image-245\" style=\"aspect-ratio:1;object-fit:cover;width:312px\" srcset=\"https:\/\/24tsv.fr\/wp-content\/uploads\/2025\/06\/24-tours-sans-Venin-127-1024x683.jpg 1024w, https:\/\/24tsv.fr\/wp-content\/uploads\/2025\/06\/24-tours-sans-Venin-127-300x200.jpg 300w, https:\/\/24tsv.fr\/wp-content\/uploads\/2025\/06\/24-tours-sans-Venin-127-768x512.jpg 768w, https:\/\/24tsv.fr\/wp-content\/uploads\/2025\/06\/24-tours-sans-Venin-127-1536x1024.jpg 1536w, https:\/\/24tsv.fr\/wp-content\/uploads\/2025\/06\/24-tours-sans-Venin-127-2048x1365.jpg 2048w\" sizes=\"auto, (max-width: 1024px) 100vw, 1024px\" \/><\/figure>\n\n\n\n<p class=\"has-text-align-center has-raft-fg-color has-raft-bg-background-color has-text-color has-background\" style=\"font-size:16px\">Chacun d\u00e9cide de son d\u00e9fi : 4 heures, 7 heures, 24 heures\u2026 et m\u00eame en relais pour 2026. Dans une ambiance conviviale au pied du Vercors, c\u2019est une belle occasion de se d\u00e9passer ou de se pr\u00e9parer \u00e0 d\u2019autres objectifs.<\/p>\n<\/div>\n<\/div>\n\n\n\n<h2 id=\"wp-block-themeisle-blocks-advanced-heading-a87e7741\" class=\"wp-block-themeisle-blocks-advanced-heading wp-block-themeisle-blocks-advanced-heading-a87e7741 animated zoomIn slow delay-200ms\">Endurance &amp; mental de pierre ! <\/h2>\n\n\n\n<p class=\"has-text-align-center\">Ouverture des inscriptions : d\u00e9cembre 2025<\/p>\n\n\n\n<h2 class=\"wp-block-heading has-text-align-center has-raft-fg-alt-background-color has-text-color has-background has-link-color wp-elements-ed3f3aa9505a4090f7043b9030ffaedb\" style=\"color:#070731\">Les 4 formats de course<\/h2>\n\n\n\n<div class=\"wp-block-group alignfull is-layout-flow wp-container-core-group-is-layout-10d01144 wp-block-group-is-layout-flow\" style=\"margin-top:0px;margin-bottom:0px;padding-top:0px;padding-right:0px;padding-bottom:0px;padding-left:0px\">\n<div class=\"wp-block-columns are-vertically-aligned-center is-layout-flex wp-container-core-columns-is-layout-d2ca7aa4 wp-block-columns-is-layout-flex\">\n<div class=\"wp-block-column is-vertically-aligned-center is-layout-flow wp-block-column-is-layout-flow\" style=\"padding-top:32px;padding-right:32px;padding-bottom:32px;padding-left:32px\">\n<div class=\"wp-block-group is-layout-constrained wp-container-core-group-is-layout-6d6486c8 wp-block-group-is-layout-constrained\">\n<h3 class=\"wp-block-heading has-text-align-center has-text-color\" style=\"color:#68d7e5;margin-top:0px\">La 24 TSV : 24 tours<br>144 km \/ 6720 m D+<\/h3>\n\n\n\n<p class=\"has-text-align-center has-text-color has-link-color wp-elements-c53e777e1506013172bebf681a721eb0\" style=\"color:#070731;padding-top:var(--wp--preset--spacing--20);padding-right:var(--wp--preset--spacing--20);padding-bottom:var(--wp--preset--spacing--20);padding-left:var(--wp--preset--spacing--20)\">Pr\u00eats \u00e0 voir jusqu\u2019o\u00f9 vous pouvez aller ? <br><strong>Le format 24h<\/strong>, c\u2019est pour ceux qui veulent tester leurs limites, boucle apr\u00e8s boucle, en se frottant aux plus d\u00e9termin\u00e9s.<br><br>Un d\u00e9fi fou mais s\u00e9curis\u00e9, o\u00f9 tout est pens\u00e9 pour que chacun aille au bout de lui-m\u00eame en confiance.<\/p>\n\n\n\n<p class=\"has-text-align-center\">D\u00e9part : 11h00<\/p>\n\n\n\n<div class=\"wp-block-buttons is-content-justification-center is-layout-flex wp-container-core-buttons-is-layout-a89b3969 wp-block-buttons-is-layout-flex\">\n<div class=\"wp-block-button is-style-primary\"><a class=\"wp-block-button__link wp-element-button\" href=\"https:\/\/in.njuko.com\/les-24-tours-sans-venin\" target=\"_blank\" rel=\"noreferrer noopener\">Je m&rsquo;inscris<\/a><\/div>\n<\/div>\n<\/div>\n<\/div>\n\n\n\n<div class=\"wp-block-column is-vertically-aligned-center has-raft-bg-background-color has-background is-layout-flow wp-block-column-is-layout-flow\" style=\"padding-top:32px;padding-right:32px;padding-bottom:32px;padding-left:32px\">\n<figure class=\"wp-block-image aligncenter size-full\"><img loading=\"lazy\" decoding=\"async\" width=\"1743\" height=\"2560\" src=\"https:\/\/24tsv.fr\/wp-content\/uploads\/2025\/11\/24-tours-sans-Venin-116-scaled.jpg\" alt=\"\" class=\"wp-image-308\" srcset=\"https:\/\/24tsv.fr\/wp-content\/uploads\/2025\/11\/24-tours-sans-Venin-116-scaled.jpg 1743w, https:\/\/24tsv.fr\/wp-content\/uploads\/2025\/11\/24-tours-sans-Venin-116-204x300.jpg 204w, https:\/\/24tsv.fr\/wp-content\/uploads\/2025\/11\/24-tours-sans-Venin-116-697x1024.jpg 697w, https:\/\/24tsv.fr\/wp-content\/uploads\/2025\/11\/24-tours-sans-Venin-116-768x1128.jpg 768w, https:\/\/24tsv.fr\/wp-content\/uploads\/2025\/11\/24-tours-sans-Venin-116-1046x1536.jpg 1046w, https:\/\/24tsv.fr\/wp-content\/uploads\/2025\/11\/24-tours-sans-Venin-116-1394x2048.jpg 1394w\" sizes=\"auto, (max-width: 1743px) 100vw, 1743px\" \/><\/figure>\n<\/div>\n<\/div>\n\n\n\n<div class=\"wp-block-columns are-vertically-aligned-center is-layout-flex wp-container-core-columns-is-layout-d2ca7aa4 wp-block-columns-is-layout-flex\">\n<div class=\"wp-block-column is-vertically-aligned-center has-raft-bg-background-color has-background is-layout-flow wp-block-column-is-layout-flow\" style=\"padding-top:32px;padding-right:32px;padding-bottom:32px;padding-left:32px\">\n<figure class=\"wp-block-image aligncenter size-full\"><img loading=\"lazy\" decoding=\"async\" width=\"1707\" height=\"2560\" src=\"https:\/\/24tsv.fr\/wp-content\/uploads\/2025\/11\/24-tours-sans-Venin-054-scaled.jpg\" alt=\"\" class=\"wp-image-309\" srcset=\"https:\/\/24tsv.fr\/wp-content\/uploads\/2025\/11\/24-tours-sans-Venin-054-scaled.jpg 1707w, https:\/\/24tsv.fr\/wp-content\/uploads\/2025\/11\/24-tours-sans-Venin-054-200x300.jpg 200w, https:\/\/24tsv.fr\/wp-content\/uploads\/2025\/11\/24-tours-sans-Venin-054-683x1024.jpg 683w, https:\/\/24tsv.fr\/wp-content\/uploads\/2025\/11\/24-tours-sans-Venin-054-768x1152.jpg 768w, https:\/\/24tsv.fr\/wp-content\/uploads\/2025\/11\/24-tours-sans-Venin-054-1024x1536.jpg 1024w, https:\/\/24tsv.fr\/wp-content\/uploads\/2025\/11\/24-tours-sans-Venin-054-1365x2048.jpg 1365w\" sizes=\"auto, (max-width: 1707px) 100vw, 1707px\" \/><\/figure>\n<\/div>\n\n\n\n<div class=\"wp-block-column is-vertically-aligned-center is-layout-flow wp-block-column-is-layout-flow\" style=\"padding-top:32px;padding-right:32px;padding-bottom:32px;padding-left:32px\">\n<div class=\"wp-block-group is-layout-constrained wp-container-core-group-is-layout-6d6486c8 wp-block-group-is-layout-constrained\">\n<h3 class=\"wp-block-heading has-text-align-center has-luminous-vivid-orange-color has-text-color\" style=\"margin-top:0px\">La 24 TSV en relais \u00e0 2 : 24 tours<br>144 km \/ 6720 m D+<\/h3>\n\n\n\n<p class=\"has-text-align-center has-text-color has-link-color wp-elements-1f0cae91fb02b453274a13f681094708\" style=\"color:#070731;padding-top:var(--wp--preset--spacing--20);padding-right:var(--wp--preset--spacing--20);padding-bottom:var(--wp--preset--spacing--20);padding-left:var(--wp--preset--spacing--20)\"><strong>Pr\u00eats \u00e0 repousser vos limites \u00e0 deux ?<\/strong><br>Le format <strong>relais<\/strong>, c\u2019est l\u2019endurance partag\u00e9e : un bin\u00f4me, une boucle chacun, et le relais \u00e0 chaque tour.<br>Quand l\u2019un s\u2019\u00e9lance, l\u2019autre r\u00e9cup\u00e8re. Quand l\u2019un faiblit, l\u2019autre relance.<br><br>Un d\u00e9fi d\u2019\u00e9quipe o\u00f9 la gestion, la strat\u00e9gie et la confiance font toute la diff\u00e9rence.<br>Saurez-vous tenir le rythme jusqu\u2019au bout ?<\/p>\n\n\n\n<p class=\"has-text-align-center\">D\u00e9part : 11h00<\/p>\n\n\n\n<div class=\"wp-block-buttons is-content-justification-center is-layout-flex wp-container-core-buttons-is-layout-a89b3969 wp-block-buttons-is-layout-flex\">\n<div class=\"wp-block-button is-style-primary\"><a class=\"wp-block-button__link wp-element-button\">On s&rsquo;inscrit<\/a><\/div>\n<\/div>\n<\/div>\n<\/div>\n<\/div>\n<\/div>\n\n\n\n<div class=\"wp-block-group alignfull is-layout-flow wp-container-core-group-is-layout-10d01144 wp-block-group-is-layout-flow\" style=\"margin-top:0px;margin-bottom:0px;padding-top:0px;padding-right:0px;padding-bottom:0px;padding-left:0px\">\n<div class=\"wp-block-columns are-vertically-aligned-center is-layout-flex wp-container-core-columns-is-layout-d2ca7aa4 wp-block-columns-is-layout-flex\">\n<div class=\"wp-block-column is-vertically-aligned-center is-layout-flow wp-block-column-is-layout-flow\" style=\"padding-top:32px;padding-right:32px;padding-bottom:32px;padding-left:32px\">\n<div class=\"wp-block-group is-layout-constrained wp-container-core-group-is-layout-6d6486c8 wp-block-group-is-layout-constrained\">\n<h3 class=\"wp-block-heading has-text-align-center has-text-color\" style=\"color:#bcd845;margin-top:0px;padding-right:var(--wp--preset--spacing--20);padding-left:var(--wp--preset--spacing--20)\">MaraTour : 7 tours<br>42 km \/ 1960 m D+<\/h3>\n\n\n\n<p class=\"has-text-align-center has-text-color has-link-color wp-elements-2d2834163646f0758dbc7c9d2ccdfded\" style=\"color:#070731;padding-top:var(--wp--preset--spacing--20);padding-right:var(--wp--preset--spacing--20);padding-bottom:var(--wp--preset--spacing--20);padding-left:var(--wp--preset--spacing--20)\"><strong>Envie de tester ton endurance sur un format solide ?<\/strong><br>Le format <strong>7 Tours<\/strong>, c\u2019est l\u2019\u00e9quilibre parfait entre effort et endurance.<br><strong>44,8 km et 1750 m D+<\/strong> pour franchir un cap et ressentir la force du long.<\/p>\n\n\n\n<p class=\"has-text-align-center\">D\u00e9parts : 11h00<\/p>\n\n\n\n<div class=\"wp-block-buttons is-content-justification-center is-layout-flex wp-container-core-buttons-is-layout-a89b3969 wp-block-buttons-is-layout-flex\">\n<div class=\"wp-block-button is-style-primary\"><a class=\"wp-block-button__link wp-element-button\" href=\"https:\/\/in.njuko.com\/les-24-tours-sans-venin\" target=\"_blank\" rel=\"noreferrer noopener\">Je m&rsquo;inscris<\/a><\/div>\n<\/div>\n<\/div>\n<\/div>\n\n\n\n<div class=\"wp-block-column is-vertically-aligned-center has-raft-bg-background-color has-background is-layout-flow wp-block-column-is-layout-flow\" style=\"padding-top:32px;padding-right:32px;padding-bottom:32px;padding-left:32px\">\n<figure class=\"wp-block-image aligncenter size-full\"><img loading=\"lazy\" decoding=\"async\" width=\"1707\" height=\"2560\" src=\"https:\/\/24tsv.fr\/wp-content\/uploads\/2025\/11\/24-tours-sans-Venin-109-scaled.jpg\" alt=\"\" class=\"wp-image-307\" srcset=\"https:\/\/24tsv.fr\/wp-content\/uploads\/2025\/11\/24-tours-sans-Venin-109-scaled.jpg 1707w, https:\/\/24tsv.fr\/wp-content\/uploads\/2025\/11\/24-tours-sans-Venin-109-200x300.jpg 200w, https:\/\/24tsv.fr\/wp-content\/uploads\/2025\/11\/24-tours-sans-Venin-109-683x1024.jpg 683w, https:\/\/24tsv.fr\/wp-content\/uploads\/2025\/11\/24-tours-sans-Venin-109-768x1152.jpg 768w, https:\/\/24tsv.fr\/wp-content\/uploads\/2025\/11\/24-tours-sans-Venin-109-1024x1536.jpg 1024w, https:\/\/24tsv.fr\/wp-content\/uploads\/2025\/11\/24-tours-sans-Venin-109-1365x2048.jpg 1365w\" sizes=\"auto, (max-width: 1707px) 100vw, 1707px\" \/><\/figure>\n<\/div>\n<\/div>\n\n\n\n<div class=\"wp-block-columns are-vertically-aligned-center is-layout-flex wp-container-core-columns-is-layout-d2ca7aa4 wp-block-columns-is-layout-flex\">\n<div class=\"wp-block-column is-vertically-aligned-center has-raft-bg-background-color has-background is-layout-flow wp-block-column-is-layout-flow\" style=\"padding-top:32px;padding-right:32px;padding-bottom:32px;padding-left:32px\">\n<figure class=\"wp-block-image aligncenter size-full\"><img loading=\"lazy\" decoding=\"async\" width=\"1707\" height=\"2560\" src=\"https:\/\/24tsv.fr\/wp-content\/uploads\/2025\/11\/24-tours-sans-Venin-124-scaled.jpg\" alt=\"\" class=\"wp-image-310\" srcset=\"https:\/\/24tsv.fr\/wp-content\/uploads\/2025\/11\/24-tours-sans-Venin-124-scaled.jpg 1707w, https:\/\/24tsv.fr\/wp-content\/uploads\/2025\/11\/24-tours-sans-Venin-124-200x300.jpg 200w, https:\/\/24tsv.fr\/wp-content\/uploads\/2025\/11\/24-tours-sans-Venin-124-683x1024.jpg 683w, https:\/\/24tsv.fr\/wp-content\/uploads\/2025\/11\/24-tours-sans-Venin-124-768x1152.jpg 768w, https:\/\/24tsv.fr\/wp-content\/uploads\/2025\/11\/24-tours-sans-Venin-124-1024x1536.jpg 1024w, https:\/\/24tsv.fr\/wp-content\/uploads\/2025\/11\/24-tours-sans-Venin-124-1365x2048.jpg 1365w\" sizes=\"auto, (max-width: 1707px) 100vw, 1707px\" \/><\/figure>\n<\/div>\n\n\n\n<div class=\"wp-block-column is-vertically-aligned-center is-layout-flow wp-block-column-is-layout-flow\" style=\"padding-top:32px;padding-right:32px;padding-bottom:32px;padding-left:32px\">\n<div class=\"wp-block-group is-layout-constrained wp-container-core-group-is-layout-6d6486c8 wp-block-group-is-layout-constrained\">\n<h3 class=\"wp-block-heading has-text-align-center has-light-green-cyan-color has-text-color\" style=\"margin-top:0px\">D\u00e9couverte : 4 tours<br>24 km \/ 1120 m D+<\/h3>\n\n\n\n<p class=\"has-text-align-center has-text-color has-link-color wp-elements-c7f709faa0caa45ec88355ec19bdbe24\" style=\"color:#070731;padding-top:var(--wp--preset--spacing--20);padding-right:var(--wp--preset--spacing--30);padding-bottom:var(--wp--preset--spacing--20);padding-left:var(--wp--preset--spacing--30)\"><strong>Envie de d\u00e9couvrir un nouveau format de course \u00e0 ton rythme ?<\/strong><br>Viens courir entre amis, dans une ambiance conviviale et encourageante.<br>Un format id\u00e9al pour vivre l\u2019esprit 24 TSV et te d\u00e9passer, sans te comparer.<\/p>\n\n\n\n<p class=\"has-text-align-center\">D\u00e9part : 14h10<\/p>\n\n\n\n<div class=\"wp-block-buttons is-content-justification-center is-layout-flex wp-container-core-buttons-is-layout-a89b3969 wp-block-buttons-is-layout-flex\">\n<div class=\"wp-block-button is-style-primary\"><a class=\"wp-block-button__link wp-element-button\" href=\"https:\/\/in.njuko.com\/les-24-tours-sans-venin\" target=\"_blank\" rel=\"noreferrer noopener\">je m&rsquo;inscris<\/a><\/div>\n<\/div>\n<\/div>\n<\/div>\n<\/div>\n<\/div>\n\n\n\n<div class=\"wp-block-buttons is-content-justification-center is-layout-flex wp-container-core-buttons-is-layout-a89b3969 wp-block-buttons-is-layout-flex\">\n<div class=\"wp-block-button is-style-outline is-style-outline--1\"><a class=\"wp-block-button__link has-raft-fg-color has-raft-bg-background-color has-text-color has-background has-link-color wp-element-button\" href=\"https:\/\/24tsv.fr\/wp-content\/uploads\/2025\/12\/reglement-24TSV2026.pdf\" style=\"border-radius:6px\" target=\"_blank\" rel=\"noreferrer noopener\">R\u00e8glement de course<\/a><\/div>\n<\/div>\n\n\n\n<div class=\"wp-block-group is-layout-constrained wp-block-group-is-layout-constrained\">\n<div class=\"wp-block-columns is-layout-flex wp-container-core-columns-is-layout-28f84493 wp-block-columns-is-layout-flex\">\n<div class=\"wp-block-column is-vertically-aligned-center is-layout-flow wp-block-column-is-layout-flow\" style=\"flex-basis:66.66%\">\n<p class=\"has-text-align-center has-normal-font-size\"><strong>Pour ne rien rater des infos, laisse nous tes contacts : <\/strong><\/p>\n\n\n\n<div id=\"wp-block-themeisle-blocks-form-06cdfba6\" class=\"wp-block-themeisle-blocks-form\" data-option-name=\"c2eb8bd854e208da2f71112e4c77e4f3b4dc3c84_06cdfba6\"><form class=\"otter-form__container\">\n<div id=\"wp-block-themeisle-blocks-form-input-d7b4a27e\" class=\"wp-block-themeisle-blocks-form-input is-style-o-c-half\"><label for=\"wp-block-themeisle-blocks-form-input-d7b4a27e-input\" class=\"otter-form-input-label\"><span class=\"otter-form-input-label__label\">Nom Pr\u00e9nom<\/span><span class=\"required\">*<\/span><\/label><input type=\"text\" id=\"wp-block-themeisle-blocks-form-input-d7b4a27e-input\" required class=\"otter-form-input\"\/><\/div>\n\n\n\n<div id=\"wp-block-themeisle-blocks-form-input-7c938f8c\" class=\"wp-block-themeisle-blocks-form-input is-style-o-c-half\"><label for=\"wp-block-themeisle-blocks-form-input-7c938f8c-input\" class=\"otter-form-input-label\"><span class=\"otter-form-input-label__label\">Email<\/span><span class=\"required\">*<\/span><\/label><input type=\"email\" id=\"wp-block-themeisle-blocks-form-input-7c938f8c-input\" required class=\"otter-form-input\"\/><\/div>\n\n\n<div class=\"protection\" aria-hidden=\"true\"><input type=\"hidden\" id=\"wp-block-themeisle-blocks-form-06cdfba6_nonce_field\" name=\"wp-block-themeisle-blocks-form-06cdfba6_nonce_field\" value=\"a31843c9ab\" \/><input type=\"hidden\" name=\"_wp_http_referer\" value=\"\/index.php\/wp-json\/wp\/v2\/pages\/45\" \/><input class=\"o-anti-bot\" type=\"checkbox\"><\/div><div class=\"wp-block-button o-center o-center-tablet o-center-mobile\"><button class=\"wp-block-button__link\" type=\"submit\">Je m&rsquo;inscris<\/button><\/div><\/form><\/div>\n<\/div>\n\n\n\n<div class=\"wp-block-column is-vertically-aligned-center is-layout-flow wp-block-column-is-layout-flow\" style=\"flex-basis:33.33%\">\n<figure class=\"wp-block-image aligncenter size-full\"><img loading=\"lazy\" decoding=\"async\" width=\"1707\" height=\"2560\" src=\"https:\/\/24tsv.fr\/wp-content\/uploads\/2025\/11\/24-tours-sans-Venin-177-scaled.jpg\" alt=\"\" class=\"wp-image-325\" style=\"aspect-ratio:0.6668210233850428\" srcset=\"https:\/\/24tsv.fr\/wp-content\/uploads\/2025\/11\/24-tours-sans-Venin-177-scaled.jpg 1707w, https:\/\/24tsv.fr\/wp-content\/uploads\/2025\/11\/24-tours-sans-Venin-177-200x300.jpg 200w, https:\/\/24tsv.fr\/wp-content\/uploads\/2025\/11\/24-tours-sans-Venin-177-683x1024.jpg 683w, https:\/\/24tsv.fr\/wp-content\/uploads\/2025\/11\/24-tours-sans-Venin-177-768x1152.jpg 768w, https:\/\/24tsv.fr\/wp-content\/uploads\/2025\/11\/24-tours-sans-Venin-177-1024x1536.jpg 1024w\" sizes=\"auto, (max-width: 1707px) 100vw, 1707px\" \/><\/figure>\n<\/div>\n<\/div>\n\n\n\n<p><\/p>\n<\/div>\n\n\n\n<p><\/p>\n","protected":false},"excerpt":{"rendered":"<p>Les 24 Tours sans Venin, c\u2019est une course d\u2019endurance au format \u00ab\u00a0Dernier Homme Debout\u00a0\u00bb : une boucle de 6 km et 280 m de D+ \u00e0 boucler chaque heure, aussi longtemps que vous le pouvez. Chacun d\u00e9cide de son d\u00e9fi : 4 heures, 7 heures, 24 heures\u2026 et m\u00eame en relais pour 2026. Dans une [&hellip;]<\/p>\n","protected":false},"author":1,"featured_media":0,"parent":0,"menu_order":0,"comment_status":"closed","ping_status":"closed","template":"","meta":{"_themeisle_gutenberg_block_has_review":false,"footnotes":""},"class_list":["post-45","page","type-page","status-publish","hentry"],"_links":{"self":[{"href":"https:\/\/24tsv.fr\/index.php\/wp-json\/wp\/v2\/pages\/45","targetHints":{"allow":["GET"]}}],"collection":[{"href":"https:\/\/24tsv.fr\/index.php\/wp-json\/wp\/v2\/pages"}],"about":[{"href":"https:\/\/24tsv.fr\/index.php\/wp-json\/wp\/v2\/types\/page"}],"author":[{"embeddable":true,"href":"https:\/\/24tsv.fr\/index.php\/wp-json\/wp\/v2\/users\/1"}],"replies":[{"embeddable":true,"href":"https:\/\/24tsv.fr\/index.php\/wp-json\/wp\/v2\/comments?post=45"}],"version-history":[{"count":74,"href":"https:\/\/24tsv.fr\/index.php\/wp-json\/wp\/v2\/pages\/45\/revisions"}],"predecessor-version":[{"id":363,"href":"https:\/\/24tsv.fr\/index.php\/wp-json\/wp\/v2\/pages\/45\/revisions\/363"}],"wp:attachment":[{"href":"https:\/\/24tsv.fr\/index.php\/wp-json\/wp\/v2\/media?parent=45"}],"curies":[{"name":"wp","href":"https:\/\/api.w.org\/{rel}","templated":true}]}}